{"id":2166,"date":"2024-10-27T00:22:40","date_gmt":"2024-10-27T03:22:40","guid":{"rendered":"https:\/\/geradordasorte.com.br\/blog\/resultados-loterias-caixa\/"},"modified":"2026-04-14T00:28:48","modified_gmt":"2026-04-14T03:28:48","slug":"resultados-loterias-caixa","status":"publish","type":"page","link":"https:\/\/geradordasorte.com.br\/blog\/resultados-loterias-caixa\/","title":{"rendered":"Resultados Loterias Caixa"},"content":{"rendered":"<div class=\"lottery-container\">\n<div class=\"lottery-result\">\n<div class=\"lottery-header\">\n<h2>Mega-Sena &#8211; Concurso 2995<\/h2>\n<p>Data do sorteio: 11\/04\/2026<\/p>\n<\/p><\/div>\n<div class=\"lottery-numbers\">\n<div class=\"number-ball\">08<\/div>\n<div class=\"number-ball\">29<\/div>\n<div class=\"number-ball\">42<\/div>\n<div class=\"number-ball\">49<\/div>\n<div class=\"number-ball\">50<\/div>\n<div class=\"number-ball\">58<\/div>\n<\/div>\n<div class=\"acumulou yes\">ACUMULOU!<\/div>\n<div class=\"lottery-info\">\n<p>Estimativa de pr\u00eamio do pr\u00f3ximo concurso:<\/p>\n<p><strong>R$ 45.000.000,00<\/strong><\/p>\n<\/p><\/div>\n<\/div>\n<div class=\"lottery-result\">\n<div class=\"lottery-header\">\n<h2>Lotof\u00e1cil &#8211; Concurso 3660<\/h2>\n<p>Data do sorteio: 13\/04\/2026<\/p>\n<\/p><\/div>\n<div class=\"lottery-numbers\">\n<div class=\"number-ball\">01<\/div>\n<div class=\"number-ball\">02<\/div>\n<div class=\"number-ball\">05<\/div>\n<div class=\"number-ball\">06<\/div>\n<div class=\"number-ball\">07<\/div>\n<div class=\"number-ball\">08<\/div>\n<div class=\"number-ball\">10<\/div>\n<div class=\"number-ball\">11<\/div>\n<div class=\"number-ball\">12<\/div>\n<div class=\"number-ball\">14<\/div>\n<div class=\"number-ball\">17<\/div>\n<div class=\"number-ball\">18<\/div>\n<div class=\"number-ball\">22<\/div>\n<div class=\"number-ball\">23<\/div>\n<div class=\"number-ball\">24<\/div>\n<\/div>\n<div class=\"acumulou yes\">ACUMULOU!<\/div>\n<div class=\"lottery-info\">\n<p>Estimativa de pr\u00eamio do pr\u00f3ximo concurso:<\/p>\n<p><strong>R$ 13.000.000,00<\/strong><\/p>\n<\/p><\/div>\n<\/div>\n<div class=\"lottery-result\">\n<div class=\"lottery-header\">\n<h2>Quina &#8211; Concurso 7000<\/h2>\n<p>Data do sorteio: 13\/04\/2026<\/p>\n<\/p><\/div>\n<div class=\"lottery-numbers\">\n<div class=\"number-ball\">20<\/div>\n<div class=\"number-ball\">30<\/div>\n<div class=\"number-ball\">53<\/div>\n<div class=\"number-ball\">56<\/div>\n<div class=\"number-ball\">64<\/div>\n<\/div>\n<div class=\"acumulou yes\">ACUMULOU!<\/div>\n<div class=\"lottery-info\">\n<p>Estimativa de pr\u00eamio do pr\u00f3ximo concurso:<\/p>\n<p><strong>R$ 15.500.000,00<\/strong><\/p>\n<\/p><\/div>\n<\/div>\n<div class=\"lottery-result\">\n<div class=\"lottery-header\">\n<h2>Lotomania &#8211; Concurso 2911<\/h2>\n<p>Data do sorteio: 13\/04\/2026<\/p>\n<\/p><\/div>\n<div class=\"lottery-numbers\">\n<div class=\"number-ball\">01<\/div>\n<div class=\"number-ball\">08<\/div>\n<div class=\"number-ball\">10<\/div>\n<div class=\"number-ball\">13<\/div>\n<div class=\"number-ball\">17<\/div>\n<div class=\"number-ball\">20<\/div>\n<div class=\"number-ball\">27<\/div>\n<div class=\"number-ball\">29<\/div>\n<div class=\"number-ball\">31<\/div>\n<div class=\"number-ball\">33<\/div>\n<div class=\"number-ball\">36<\/div>\n<div class=\"number-ball\">39<\/div>\n<div class=\"number-ball\">42<\/div>\n<div class=\"number-ball\">47<\/div>\n<div class=\"number-ball\">49<\/div>\n<div class=\"number-ball\">55<\/div>\n<div class=\"number-ball\">61<\/div>\n<div class=\"number-ball\">68<\/div>\n<div class=\"number-ball\">79<\/div>\n<div class=\"number-ball\">98<\/div>\n<\/div>\n<div class=\"acumulou yes\">ACUMULOU!<\/div>\n<div class=\"lottery-info\">\n<p>Estimativa de pr\u00eamio do pr\u00f3ximo concurso:<\/p>\n<p><strong>R$ 1.100.000,00<\/strong><\/p>\n<\/p><\/div>\n<\/div>\n<div class=\"lottery-result\">\n<div class=\"lottery-header\">\n<h2>Dupla Sena &#8211; Concurso 2944<\/h2>\n<p>Data do sorteio: 13\/04\/2026<\/p>\n<\/p><\/div>\n<div class=\"lottery-numbers\">\n<div class=\"number-ball\">11<\/div>\n<div class=\"number-ball\">13<\/div>\n<div class=\"number-ball\">17<\/div>\n<div class=\"number-ball\">29<\/div>\n<div class=\"number-ball\">30<\/div>\n<div class=\"number-ball\">33<\/div>\n<\/div>\n<div class=\"acumulou yes\">ACUMULOU!<\/div>\n<div class=\"lottery-info\">\n<p>Estimativa de pr\u00eamio do pr\u00f3ximo concurso:<\/p>\n<p><strong>R$ 800.000,00<\/strong><\/p>\n<\/p><\/div>\n<\/div>\n<div class=\"lottery-result\">\n<div class=\"lottery-header\">\n<h2>Timemania &#8211; Concurso 2379<\/h2>\n<p>Data do sorteio: 11\/04\/2026<\/p>\n<\/p><\/div>\n<div class=\"lottery-numbers\">\n<div class=\"number-ball\">25<\/div>\n<div class=\"number-ball\">35<\/div>\n<div class=\"number-ball\">48<\/div>\n<div class=\"number-ball\">56<\/div>\n<div class=\"number-ball\">58<\/div>\n<div class=\"number-ball\">75<\/div>\n<div class=\"number-ball\">78<\/div>\n<\/div>\n<div class=\"acumulou yes\">ACUMULOU!<\/div>\n<div class=\"lottery-info\">\n<p>Estimativa de pr\u00eamio do pr\u00f3ximo concurso:<\/p>\n<p><strong>R$ 18.700.000,00<\/strong><\/p>\n<\/p><\/div>\n<\/div>\n<div class=\"lottery-result\">\n<div class=\"lottery-header\">\n<h2>Dia de Sorte &#8211; Concurso 1200<\/h2>\n<p>Data do sorteio: 11\/04\/2026<\/p>\n<\/p><\/div>\n<div class=\"lottery-numbers\">\n<div class=\"number-ball\">01<\/div>\n<div class=\"number-ball\">15<\/div>\n<div class=\"number-ball\">16<\/div>\n<div class=\"number-ball\">21<\/div>\n<div class=\"number-ball\">24<\/div>\n<div class=\"number-ball\">25<\/div>\n<div class=\"number-ball\">27<\/div>\n<\/div>\n<div class=\"acumulou yes\">ACUMULOU!<\/div>\n<div class=\"lottery-info\">\n<p>Estimativa de pr\u00eamio do pr\u00f3ximo concurso:<\/p>\n<p><strong>R$ 1.000.000,00<\/strong><\/p>\n<\/p><\/div>\n<\/div>\n<div class=\"lottery-result\">\n<div class=\"lottery-header\">\n<h2>Super Sete &#8211; Concurso 834<\/h2>\n<p>Data do sorteio: 13\/04\/2026<\/p>\n<\/p><\/div>\n<div class=\"lottery-numbers\">\n<div class=\"number-ball\">8<\/div>\n<div class=\"number-ball\">5<\/div>\n<div class=\"number-ball\">2<\/div>\n<div class=\"number-ball\">1<\/div>\n<div class=\"number-ball\">3<\/div>\n<div class=\"number-ball\">4<\/div>\n<div class=\"number-ball\">4<\/div>\n<\/div>\n<div class=\"acumulou yes\">ACUMULOU!<\/div>\n<div class=\"lottery-info\">\n<p>Estimativa de pr\u00eamio do pr\u00f3ximo concurso:<\/p>\n<p><strong>R$ 6.000.000,00<\/strong><\/p>\n<\/p><\/div>\n<\/div>\n<div class=\"lottery-result\">\n<div class=\"lottery-header\">\n<h2>Loteca &#8211; Concurso 1242<\/h2>\n<p>Data do sorteio: 13\/04\/2026<\/p>\n<\/p><\/div>\n<div class=\"lottery-numbers\"><\/div>\n<div class=\"acumulou yes\">ACUMULOU!<\/div>\n<div class=\"lottery-info\">\n<p>Estimativa de pr\u00eamio do pr\u00f3ximo concurso:<\/p>\n<p><strong>R$ 3.500.000,00<\/strong><\/p>\n<\/p><\/div>\n<\/div>\n<\/div>\n","protected":false},"excerpt":{"rendered":"<p>Mega-Sena &#8211; Concurso 2995 Data do sorteio: 11\/04\/2026 08 29 42 49 50 58 ACUMULOU! Estimativa de pr\u00eamio do pr\u00f3ximo concurso: R$ 45.000.000,00 Lotof\u00e1cil &#8211; Concurso 3660 Data do sorteio: 13\/04\/2026 01 02 05 06 07 08 10 11 12 14 17 18 22 23 24 ACUMULOU! Estimativa de pr\u00eamio do pr\u00f3ximo concurso: R$ 13.000.000,00 &hellip; <\/p>\n<p class=\"link-more\"><a href=\"https:\/\/geradordasorte.com.br\/blog\/resultados-loterias-caixa\/\" class=\"more-link\">Continue lendo<span class=\"screen-reader-text\"> &#8220;Resultados Loterias Caixa&#8221;<\/span><\/a><\/p>\n","protected":false},"author":3,"featured_media":0,"parent":0,"menu_order":0,"comment_status":"closed","ping_status":"closed","template":"","meta":{"footnotes":""},"class_list":["post-2166","page","type-page","status-publish","hentry","entry"],"_links":{"self":[{"href":"https:\/\/geradordasorte.com.br\/blog\/wp-json\/wp\/v2\/pages\/2166","targetHints":{"allow":["GET"]}}],"collection":[{"href":"https:\/\/geradordasorte.com.br\/blog\/wp-json\/wp\/v2\/pages"}],"about":[{"href":"https:\/\/geradordasorte.com.br\/blog\/wp-json\/wp\/v2\/types\/page"}],"author":[{"embeddable":true,"href":"https:\/\/geradordasorte.com.br\/blog\/wp-json\/wp\/v2\/users\/3"}],"replies":[{"embeddable":true,"href":"https:\/\/geradordasorte.com.br\/blog\/wp-json\/wp\/v2\/comments?post=2166"}],"version-history":[{"count":79,"href":"https:\/\/geradordasorte.com.br\/blog\/wp-json\/wp\/v2\/pages\/2166\/revisions"}],"predecessor-version":[{"id":3283,"href":"https:\/\/geradordasorte.com.br\/blog\/wp-json\/wp\/v2\/pages\/2166\/revisions\/3283"}],"wp:attachment":[{"href":"https:\/\/geradordasorte.com.br\/blog\/wp-json\/wp\/v2\/media?parent=2166"}],"curies":[{"name":"wp","href":"https:\/\/api.w.org\/{rel}","templated":true}]}}